{"id":44,"date":"2021-04-02T15:35:00","date_gmt":"2021-04-02T13:35:00","guid":{"rendered":"http:\/\/www.astrophoto-dresden.de\/?page_id=44"},"modified":"2021-01-02T16:51:32","modified_gmt":"2021-01-02T15:51:32","slug":"ue","status":"publish","type":"page","link":"https:\/\/www.astrophoto-dresden.de\/?page_id=44","title":{"rendered":"Hallo zusammen&#8230;"},"content":{"rendered":"\n<p>&#8230;mein Name ist Carsten G\u00e4bler und ich wurde in den 70ern des letzten Jahrhunderts geboren ;). Seit ich denken kann lebe ich in Dresden und werde auch da bleiben. Beruflich bin ich administrativ in einem Schulverbund unterwegs. <\/p>\n\n\n\n<p>Bereits als Kind interessierte ich mich f\u00fcr utopische Literatur und ich w\u00fcrde fast sagen, ohne sie w\u00e4re ich nicht zur Astronomie gekommen. Wie es der Zufall wollte, gab es in meiner Schulzeit dann ein Angebot, mich sehr viel intensiver damit zu besch\u00e4ftigen. Dank meines Mentors auf diesem Gebiet &#8211; Siegfried Gebhardt &#8211; erfuhr ich soviel dar\u00fcber, dass Astronomielehrer in der Schule auf mich verwiesen, wenn es ungekl\u00e4rte Fragen gab. Diese Zeit erf\u00fcllte mich einige Jahre, dennoch&#8230; wie das Leben so spielt, r\u00fcckten \u00fcber die Zeit andere Dinge in den Vordergrund. Ich denke, das kann jeder nachvollziehen, ich glaube, dass es vielen so erging.<\/p>\n\n\n\n<p>Im Sommer 2018 war ich dann auf Teneriffa im Urlaub, die Insel ist einfach sagenhaft sch\u00f6n. Spontan fuhr ich eines nachts mit meiner Familie in die Kaldera des Teide, hatte ich selber doch noch nie einen Sternenhimmel gesehen, der weltweit zu den Besten geh\u00f6rt. Ich glaube, das war der Ausl\u00f6ser, ich begann mich wieder intensiver mit der Astronomie zu besch\u00e4ftigen. \u00dcber zwei Dinge war ich ersch\u00fcttert, das war erstens, das sich die Technik in den ca 30 Jahren so extrem ver\u00e4ndert hatte, zweitens die Preise. Und dennoch, was bedeutet das schon, wenn man so einen zauberhaften Himmel erblicken kann. <\/p>\n\n\n\n<p>So nach und nach durchforstete ich Foren, war monatelang in bekannten Onlineshops unterwegs und ich muss sagen, dass es meine Frau auch ein wenig mit der Angst zu tun bekommen hat. In einem Forum schrieb ein User: &#8222;&#8230;wenn meine Frau das Zeugs f\u00fcr den Preis verkaufen w\u00fcrde, den ich ihr gesagt hatte, was es gekostet hat, w\u00fcrde ich heulen m\u00fcssen&#8230;&#8220; <\/p>\n\n\n\n<p>Ich habe jetzt fast alles zusammen, was man so ben\u00f6tigt um brauchbare Fotos &#8222;zu schie\u00dfen&#8220;&#8230; und freue mich in der n\u00e4chsten Zeit damit beginnen zu k\u00f6nnen.<\/p>\n\n\n\n<p>Allzeit Clear Sky<\/p>\n\n\n\n<p><\/p>\n\n\n\n<p> <\/p>\n","protected":false},"excerpt":{"rendered":"<p>&#8230;mein Name ist Carsten G\u00e4bler und ich wurde in den 70ern des letzten Jahrhunderts geboren ;). Seit ich denken kann lebe ich in Dresden und werde auch da bleiben. Beruflich bin ich administrativ in einem Schulverbund unterwegs. Bereits als Kind interessierte ich mich f\u00fcr utopische Literatur und ich w\u00fcrde fast sagen, ohne sie w\u00e4re ich [&hellip;]<\/p>\n","protected":false},"author":2,"featured_media":0,"parent":0,"menu_order":0,"comment_status":"closed","ping_status":"closed","template":"","meta":[],"_links":{"self":[{"href":"https:\/\/www.astrophoto-dresden.de\/index.php?rest_route=\/wp\/v2\/pages\/44"}],"collection":[{"href":"https:\/\/www.astrophoto-dresden.de\/index.php?rest_route=\/wp\/v2\/pages"}],"about":[{"href":"https:\/\/www.astrophoto-dresden.de\/index.php?rest_route=\/wp\/v2\/types\/page"}],"author":[{"embeddable":true,"href":"https:\/\/www.astrophoto-dresden.de\/index.php?rest_route=\/wp\/v2\/users\/2"}],"replies":[{"embeddable":true,"href":"https:\/\/www.astrophoto-dresden.de\/index.php?rest_route=%2Fwp%2Fv2%2Fcomments&post=44"}],"version-history":[{"count":5,"href":"https:\/\/www.astrophoto-dresden.de\/index.php?rest_route=\/wp\/v2\/pages\/44\/revisions"}],"predecessor-version":[{"id":73,"href":"https:\/\/www.astrophoto-dresden.de\/index.php?rest_route=\/wp\/v2\/pages\/44\/revisions\/73"}],"wp:attachment":[{"href":"https:\/\/www.astrophoto-dresden.de\/index.php?rest_route=%2Fwp%2Fv2%2Fmedia&parent=44"}],"curies":[{"name":"wp","href":"https:\/\/api.w.org\/{rel}","templated":true}]}}